{"id":47,"date":"2021-03-04T22:38:36","date_gmt":"2021-03-04T22:38:36","guid":{"rendered":"http:\/\/www.rr-home.pl\/?page_id=47"},"modified":"2022-04-23T08:41:59","modified_gmt":"2022-04-23T08:41:59","slug":"zanim-zaczniemy-wspolprace","status":"publish","type":"page","link":"https:\/\/www.rr-home.pl\/index.php\/zanim-zaczniemy-wspolprace\/","title":{"rendered":"RR Home &#8211; jak pracuj\u0119?"},"content":{"rendered":"\n<p>Ludzie w dzisiejszych czasach potrzebuj\u0105 rozmowy, wys\u0142uchania i doradztwa oraz indywidualnego podej\u015bcia. Inwestorzy chc\u0105, \u017ceby ich mieszkanie, dom czy biuro by\u0142o unikatowe, funkcjonalne i dostosowane do ich potrzeb. Pragn\u0105\u0142, by klimat w ich wn\u0119trzu by\u0142 niepowtarzalny, by wymarzony apartament mia\u0142 dusz\u0119. Biznes oparty na relacjach i uwa\u017cno\u015bci na autentyczne potrzeby jest ogromn\u0105 warto\u015bci\u0105. Staram si\u0119, \u017ceby w\u0142a\u015bnie takie by\u0142 RR Home. Niezwykle wa\u017cn\u0105 dla mnie zasad\u0105, kt\u00f3r\u0105 kieruj\u0119 si\u0119 zar\u00f3wno w \u017cyciu jak i w biznesie, jest <strong>zasada WIN \u2013 WIN<\/strong>.<\/p>\n\n\n\n<p>W pracy z inwestorami bardzo przydaj\u0105 mi si\u0119 umiej\u0119tno\u015bci mediacyjne i negocjacyjne. To kluczowa umiej\u0119tno\u015b\u0107 w ka\u017cdym biznesie, w szczeg\u00f3lno\u015bci tym zwi\u0105zanym z nieruchomo\u015bciami. Moja wiedza i kwalifikacje w zarz\u0105dzaniu r\u00f3\u017cnymi typami konflikt\u00f3w, rozwin\u0119\u0142y moje kompetencje w zakresie komunikacji interpersonalnej i zwi\u0119kszy\u0142y skuteczno\u015b\u0107 proces\u00f3w decyzyjnych. To kolejna warto\u015b\u0107 dodana dla moich Klient\u00f3w. <\/p>\n\n\n\n<p>Urz\u0105dzanie mieszkania w \u017cyciu ludzi cz\u0119sto wymaga konsensusu i wielu kompromis\u00f3w. Dzi\u0119ki moim umiej\u0119tno\u015bciom pomagam wypracowa\u0107 porozumienie. Dzi\u0119ki takiemu szerokiemu podej\u015bciu i r\u00f3\u017cnorodnych do\u015bwiadczeniach, dzia\u0142am na r\u00f3\u017cnych p\u0142aszczyznach, kt\u00f3rych wsp\u00f3lnym mianownikiem s\u0105 nieruchomo\u015bci. Przecie\u017c efekty wsp\u00f3\u0142pracy z RR Home pozostan\u0105 z nimi na wiele lat!<\/p>\n","protected":false},"excerpt":{"rendered":"<p>Ludzie w dzisiejszych czasach potrzebuj\u0105 rozmowy, wys\u0142uchania i doradztwa oraz indywidualnego podej\u015bcia. Inwestorzy chc\u0105, \u017ceby ich mieszkanie, dom czy biuro by\u0142o unikatowe, funkcjonalne i dostosowane do ich potrzeb. Pragn\u0105\u0142, by klimat w ich wn\u0119trzu by\u0142 niepowtarzalny, by wymarzony apartament mia\u0142 dusz\u0119. Biznes oparty na relacjach i uwa\u017cno\u015bci na autentyczne potrzeby jest ogromn\u0105 warto\u015bci\u0105. Staram si\u0119, &hellip; <\/p>\n<p class=\"link-more\"><a href=\"https:\/\/www.rr-home.pl\/index.php\/zanim-zaczniemy-wspolprace\/\" class=\"more-link\">Czytaj dalej<span class=\"screen-reader-text\"> \u201eRR Home &#8211; jak pracuj\u0119?\u201d<\/span><\/a><\/p>\n","protected":false},"author":1,"featured_media":0,"parent":0,"menu_order":0,"comment_status":"closed","ping_status":"closed","template":"","meta":[],"yoast_head":"<!-- This site is optimized with the Yoast SEO plugin v15.9.1 - https:\/\/yoast.com\/wordpress\/plugins\/seo\/ -->\n<title>RR Home - jak pracuj\u0119? &bull; RR Home<\/title>\n<meta name=\"robots\" content=\"index, follow, max-snippet:-1, max-image-preview:large, max-video-preview:-1\" \/>\n<link rel=\"canonical\" href=\"http:\/\/www.rr-home.pl\/index.php\/zanim-zaczniemy-wspolprace\/\" \/>\n<meta property=\"og:locale\" content=\"pl_PL\" \/>\n<meta property=\"og:type\" content=\"article\" \/>\n<meta property=\"og:title\" content=\"RR Home - jak pracuj\u0119? &bull; RR Home\" \/>\n<meta property=\"og:description\" content=\"Ludzie w dzisiejszych czasach potrzebuj\u0105 rozmowy, wys\u0142uchania i doradztwa oraz indywidualnego podej\u015bcia. Inwestorzy chc\u0105, \u017ceby ich mieszkanie, dom czy biuro by\u0142o unikatowe, funkcjonalne i dostosowane do ich potrzeb. Pragn\u0105\u0142, by klimat w ich wn\u0119trzu by\u0142 niepowtarzalny, by wymarzony apartament mia\u0142 dusz\u0119. Biznes oparty na relacjach i uwa\u017cno\u015bci na autentyczne potrzeby jest ogromn\u0105 warto\u015bci\u0105. Staram si\u0119, &hellip; Czytaj dalej \u201eRR Home &#8211; jak pracuj\u0119?\u201d\" \/>\n<meta property=\"og:url\" content=\"http:\/\/www.rr-home.pl\/index.php\/zanim-zaczniemy-wspolprace\/\" \/>\n<meta property=\"og:site_name\" content=\"RR Home\" \/>\n<meta property=\"article:modified_time\" content=\"2022-04-23T08:41:59+00:00\" \/>\n<meta name=\"twitter:card\" content=\"summary_large_image\" \/>\n<meta name=\"twitter:label1\" content=\"Est. reading time\">\n\t<meta name=\"twitter:data1\" content=\"1 minuta\">\n<script type=\"application\/ld+json\" class=\"yoast-schema-graph\">{\"@context\":\"https:\/\/schema.org\",\"@graph\":[{\"@type\":[\"Person\",\"Organization\"],\"@id\":\"https:\/\/www.rr-home.pl\/#\/schema\/person\/6aea7be60be2d99fe870da0d97e9050b\",\"name\":\"admin7588\",\"image\":{\"@type\":\"ImageObject\",\"@id\":\"https:\/\/www.rr-home.pl\/#personlogo\",\"inLanguage\":\"pl-PL\",\"url\":\"https:\/\/secure.gravatar.com\/avatar\/d57ef29397d62be16a113c038562a2e3?s=96&d=mm&r=g\",\"caption\":\"admin7588\"},\"logo\":{\"@id\":\"https:\/\/www.rr-home.pl\/#personlogo\"},\"sameAs\":[\"http:\/\/www.rr-home.pl\"]},{\"@type\":\"WebSite\",\"@id\":\"https:\/\/www.rr-home.pl\/#website\",\"url\":\"https:\/\/www.rr-home.pl\/\",\"name\":\"RR Home - Projektowanie wn\\u0119trz\",\"description\":\"Projekty Metamorfozy Aran\\u017cacje \",\"publisher\":{\"@id\":\"https:\/\/www.rr-home.pl\/#\/schema\/person\/6aea7be60be2d99fe870da0d97e9050b\"},\"potentialAction\":[{\"@type\":\"SearchAction\",\"target\":\"https:\/\/www.rr-home.pl\/?s={search_term_string}\",\"query-input\":\"required name=search_term_string\"}],\"inLanguage\":\"pl-PL\"},{\"@type\":\"WebPage\",\"@id\":\"http:\/\/www.rr-home.pl\/index.php\/zanim-zaczniemy-wspolprace\/#webpage\",\"url\":\"http:\/\/www.rr-home.pl\/index.php\/zanim-zaczniemy-wspolprace\/\",\"name\":\"RR Home - jak pracuj\\u0119? &bull; RR Home\",\"isPartOf\":{\"@id\":\"https:\/\/www.rr-home.pl\/#website\"},\"datePublished\":\"2021-03-04T22:38:36+00:00\",\"dateModified\":\"2022-04-23T08:41:59+00:00\",\"breadcrumb\":{\"@id\":\"http:\/\/www.rr-home.pl\/index.php\/zanim-zaczniemy-wspolprace\/#breadcrumb\"},\"inLanguage\":\"pl-PL\",\"potentialAction\":[{\"@type\":\"ReadAction\",\"target\":[\"http:\/\/www.rr-home.pl\/index.php\/zanim-zaczniemy-wspolprace\/\"]}]},{\"@type\":\"BreadcrumbList\",\"@id\":\"http:\/\/www.rr-home.pl\/index.php\/zanim-zaczniemy-wspolprace\/#breadcrumb\",\"itemListElement\":[{\"@type\":\"ListItem\",\"position\":1,\"item\":{\"@type\":\"WebPage\",\"@id\":\"https:\/\/www.rr-home.pl\/\",\"url\":\"https:\/\/www.rr-home.pl\/\",\"name\":\"Strona g\\u0142\\u00f3wna\"}},{\"@type\":\"ListItem\",\"position\":2,\"item\":{\"@type\":\"WebPage\",\"@id\":\"http:\/\/www.rr-home.pl\/index.php\/zanim-zaczniemy-wspolprace\/\",\"url\":\"http:\/\/www.rr-home.pl\/index.php\/zanim-zaczniemy-wspolprace\/\",\"name\":\"RR Home &#8211; jak pracuj\\u0119?\"}}]}]}<\/script>\n<!-- \/ Yoast SEO plugin. -->","_links":{"self":[{"href":"https:\/\/www.rr-home.pl\/index.php\/wp-json\/wp\/v2\/pages\/47"}],"collection":[{"href":"https:\/\/www.rr-home.pl\/index.php\/wp-json\/wp\/v2\/pages"}],"about":[{"href":"https:\/\/www.rr-home.pl\/index.php\/wp-json\/wp\/v2\/types\/page"}],"author":[{"embeddable":true,"href":"https:\/\/www.rr-home.pl\/index.php\/wp-json\/wp\/v2\/users\/1"}],"replies":[{"embeddable":true,"href":"https:\/\/www.rr-home.pl\/index.php\/wp-json\/wp\/v2\/comments?post=47"}],"version-history":[{"count":3,"href":"https:\/\/www.rr-home.pl\/index.php\/wp-json\/wp\/v2\/pages\/47\/revisions"}],"predecessor-version":[{"id":187,"href":"https:\/\/www.rr-home.pl\/index.php\/wp-json\/wp\/v2\/pages\/47\/revisions\/187"}],"wp:attachment":[{"href":"https:\/\/www.rr-home.pl\/index.php\/wp-json\/wp\/v2\/media?parent=47"}],"curies":[{"name":"wp","href":"https:\/\/api.w.org\/{rel}","templated":true}]}}