{"id":24,"date":"2021-03-04T22:33:02","date_gmt":"2021-03-04T22:33:02","guid":{"rendered":"http:\/\/www.rr-home.pl\/?page_id=24"},"modified":"2022-04-23T08:27:44","modified_gmt":"2022-04-23T08:27:44","slug":"po-co-ci-projektant-wnetrz","status":"publish","type":"page","link":"https:\/\/www.rr-home.pl\/index.php\/po-co-ci-projektant-wnetrz\/","title":{"rendered":"Dla kogo jest RR Home?"},"content":{"rendered":"\n<p><\/p>\n\n\n\n<p>Moje projekty s\u0105 dla os\u00f3b, kt\u00f3re ceni\u0105 oryginalno\u015b\u0107, jako\u015b\u0107 i pi\u0119kno. Moim nadrz\u0119dnym celem &#8211; da\u0107 Klientom pewno\u015b\u0107, \u017ce dzi\u0119ki naszej wsp\u00f3\u0142pracy znajd\u0105 swoje miejsce na ziemi.<\/p>\n\n\n\n<p><strong>Znakiem rozpoznawczym projekt\u00f3w RR Home jest przynajmniej jeden element vintage \u201ez dusz\u0105\u201d w aran\u017cacjach.&nbsp;<\/strong> W moich projektach staram si\u0119 dawa\u0107 \u201edrugie \u017cycie\u201d starym przedmiotom, wykorzystywa\u0107 meble u\u017cywane, kt\u00f3re dla Klient\u00f3w pozyskuj\u0119 i od\u015bwie\u017cam. <strong>Stara komoda czy inny mebel z epoki <\/strong>potrafi\u0105 nada\u0107 wn\u0119trzom niepowtarzalny, <strong>eklektyczny charakter<\/strong>.<\/p>\n\n\n\n<h2>RR Home &#8211; co\u015b wi\u0119cej ni\u017c projektowanie<\/h2>\n\n\n\n<p>Poza projektowaniem <strong>wykonuj\u0119 r\u00f3wnie\u017c metamorfozy wn\u0119trz oraz home staging dla Klient\u00f3w indywidualnych, Fliper\u00f3w oraz Biur nieruchomo\u015bci<\/strong>. Wi\u0119cej o tym na blogu RR Home. <\/p>\n\n\n\n<h3>Wsp\u00f3\u0142praca z Inwestorami<\/h3>\n\n\n\n<p>RR Home zajmuje si\u0119 r\u00f3wnie\u017c <strong>pozyskiwaniem i przygotowywaniem nieruchomo\u015bci do obrotu oraz projektowaniem wn\u0119trz, przeznaczonych na sprzeda\u017c lub wynajem<\/strong>. Z opcji takiej wsp\u00f3\u0142pracy korzystaj\u0105 przede wszystkim Inwestorzy, kt\u00f3rzy zajmuj\u0105 si\u0119 handlem nieruchomo\u015bciami .<\/p>\n","protected":false},"excerpt":{"rendered":"<p>Moje projekty s\u0105 dla os\u00f3b, kt\u00f3re ceni\u0105 oryginalno\u015b\u0107, jako\u015b\u0107 i pi\u0119kno. Moim nadrz\u0119dnym celem &#8211; da\u0107 Klientom pewno\u015b\u0107, \u017ce dzi\u0119ki naszej wsp\u00f3\u0142pracy znajd\u0105 swoje miejsce na ziemi. Znakiem rozpoznawczym projekt\u00f3w RR Home jest przynajmniej jeden element vintage \u201ez dusz\u0105\u201d w aran\u017cacjach.&nbsp; W moich projektach staram si\u0119 dawa\u0107 \u201edrugie \u017cycie\u201d starym przedmiotom, wykorzystywa\u0107 meble u\u017cywane, kt\u00f3re &hellip; <\/p>\n<p class=\"link-more\"><a href=\"https:\/\/www.rr-home.pl\/index.php\/po-co-ci-projektant-wnetrz\/\" class=\"more-link\">Czytaj dalej<span class=\"screen-reader-text\"> \u201eDla kogo jest RR Home?\u201d<\/span><\/a><\/p>\n","protected":false},"author":1,"featured_media":0,"parent":0,"menu_order":0,"comment_status":"closed","ping_status":"closed","template":"","meta":[],"yoast_head":"<!-- This site is optimized with the Yoast SEO plugin v15.9.1 - https:\/\/yoast.com\/wordpress\/plugins\/seo\/ -->\n<title>Dla kogo jest RR Home? &bull; RR Home<\/title>\n<meta name=\"robots\" content=\"index, follow, max-snippet:-1, max-image-preview:large, max-video-preview:-1\" \/>\n<link rel=\"canonical\" href=\"https:\/\/www.rr-home.pl\/index.php\/po-co-ci-projektant-wnetrz\/\" \/>\n<meta property=\"og:locale\" content=\"pl_PL\" \/>\n<meta property=\"og:type\" content=\"article\" \/>\n<meta property=\"og:title\" content=\"Dla kogo jest RR Home? &bull; RR Home\" \/>\n<meta property=\"og:description\" content=\"Moje projekty s\u0105 dla os\u00f3b, kt\u00f3re ceni\u0105 oryginalno\u015b\u0107, jako\u015b\u0107 i pi\u0119kno. Moim nadrz\u0119dnym celem &#8211; da\u0107 Klientom pewno\u015b\u0107, \u017ce dzi\u0119ki naszej wsp\u00f3\u0142pracy znajd\u0105 swoje miejsce na ziemi. Znakiem rozpoznawczym projekt\u00f3w RR Home jest przynajmniej jeden element vintage \u201ez dusz\u0105\u201d w aran\u017cacjach.&nbsp; W moich projektach staram si\u0119 dawa\u0107 \u201edrugie \u017cycie\u201d starym przedmiotom, wykorzystywa\u0107 meble u\u017cywane, kt\u00f3re &hellip; Czytaj dalej \u201eDla kogo jest RR Home?\u201d\" \/>\n<meta property=\"og:url\" content=\"https:\/\/www.rr-home.pl\/index.php\/po-co-ci-projektant-wnetrz\/\" \/>\n<meta property=\"og:site_name\" content=\"RR Home\" \/>\n<meta property=\"article:modified_time\" content=\"2022-04-23T08:27:44+00:00\" \/>\n<meta name=\"twitter:card\" content=\"summary_large_image\" \/>\n<meta name=\"twitter:label1\" content=\"Est. reading time\">\n\t<meta name=\"twitter:data1\" content=\"1 minuta\">\n<script type=\"application\/ld+json\" class=\"yoast-schema-graph\">{\"@context\":\"https:\/\/schema.org\",\"@graph\":[{\"@type\":[\"Person\",\"Organization\"],\"@id\":\"https:\/\/www.rr-home.pl\/#\/schema\/person\/6aea7be60be2d99fe870da0d97e9050b\",\"name\":\"admin7588\",\"image\":{\"@type\":\"ImageObject\",\"@id\":\"https:\/\/www.rr-home.pl\/#personlogo\",\"inLanguage\":\"pl-PL\",\"url\":\"https:\/\/secure.gravatar.com\/avatar\/d57ef29397d62be16a113c038562a2e3?s=96&d=mm&r=g\",\"caption\":\"admin7588\"},\"logo\":{\"@id\":\"https:\/\/www.rr-home.pl\/#personlogo\"},\"sameAs\":[\"http:\/\/www.rr-home.pl\"]},{\"@type\":\"WebSite\",\"@id\":\"https:\/\/www.rr-home.pl\/#website\",\"url\":\"https:\/\/www.rr-home.pl\/\",\"name\":\"RR Home - Projektowanie wn\\u0119trz\",\"description\":\"Projekty Metamorfozy Aran\\u017cacje \",\"publisher\":{\"@id\":\"https:\/\/www.rr-home.pl\/#\/schema\/person\/6aea7be60be2d99fe870da0d97e9050b\"},\"potentialAction\":[{\"@type\":\"SearchAction\",\"target\":\"https:\/\/www.rr-home.pl\/?s={search_term_string}\",\"query-input\":\"required name=search_term_string\"}],\"inLanguage\":\"pl-PL\"},{\"@type\":\"WebPage\",\"@id\":\"https:\/\/www.rr-home.pl\/index.php\/po-co-ci-projektant-wnetrz\/#webpage\",\"url\":\"https:\/\/www.rr-home.pl\/index.php\/po-co-ci-projektant-wnetrz\/\",\"name\":\"Dla kogo jest RR Home? &bull; RR Home\",\"isPartOf\":{\"@id\":\"https:\/\/www.rr-home.pl\/#website\"},\"datePublished\":\"2021-03-04T22:33:02+00:00\",\"dateModified\":\"2022-04-23T08:27:44+00:00\",\"breadcrumb\":{\"@id\":\"https:\/\/www.rr-home.pl\/index.php\/po-co-ci-projektant-wnetrz\/#breadcrumb\"},\"inLanguage\":\"pl-PL\",\"potentialAction\":[{\"@type\":\"ReadAction\",\"target\":[\"https:\/\/www.rr-home.pl\/index.php\/po-co-ci-projektant-wnetrz\/\"]}]},{\"@type\":\"BreadcrumbList\",\"@id\":\"https:\/\/www.rr-home.pl\/index.php\/po-co-ci-projektant-wnetrz\/#breadcrumb\",\"itemListElement\":[{\"@type\":\"ListItem\",\"position\":1,\"item\":{\"@type\":\"WebPage\",\"@id\":\"https:\/\/www.rr-home.pl\/\",\"url\":\"https:\/\/www.rr-home.pl\/\",\"name\":\"Strona g\\u0142\\u00f3wna\"}},{\"@type\":\"ListItem\",\"position\":2,\"item\":{\"@type\":\"WebPage\",\"@id\":\"https:\/\/www.rr-home.pl\/index.php\/po-co-ci-projektant-wnetrz\/\",\"url\":\"https:\/\/www.rr-home.pl\/index.php\/po-co-ci-projektant-wnetrz\/\",\"name\":\"Dla kogo jest RR Home?\"}}]}]}<\/script>\n<!-- \/ Yoast SEO plugin. -->","_links":{"self":[{"href":"https:\/\/www.rr-home.pl\/index.php\/wp-json\/wp\/v2\/pages\/24"}],"collection":[{"href":"https:\/\/www.rr-home.pl\/index.php\/wp-json\/wp\/v2\/pages"}],"about":[{"href":"https:\/\/www.rr-home.pl\/index.php\/wp-json\/wp\/v2\/types\/page"}],"author":[{"embeddable":true,"href":"https:\/\/www.rr-home.pl\/index.php\/wp-json\/wp\/v2\/users\/1"}],"replies":[{"embeddable":true,"href":"https:\/\/www.rr-home.pl\/index.php\/wp-json\/wp\/v2\/comments?post=24"}],"version-history":[{"count":7,"href":"https:\/\/www.rr-home.pl\/index.php\/wp-json\/wp\/v2\/pages\/24\/revisions"}],"predecessor-version":[{"id":178,"href":"https:\/\/www.rr-home.pl\/index.php\/wp-json\/wp\/v2\/pages\/24\/revisions\/178"}],"wp:attachment":[{"href":"https:\/\/www.rr-home.pl\/index.php\/wp-json\/wp\/v2\/media?parent=24"}],"curies":[{"name":"wp","href":"https:\/\/api.w.org\/{rel}","templated":true}]}}