{"id":23,"date":"2021-03-04T22:33:02","date_gmt":"2021-03-04T22:33:02","guid":{"rendered":"http:\/\/www.rr-home.pl\/?page_id=23"},"modified":"2022-04-23T08:42:43","modified_gmt":"2022-04-23T08:42:43","slug":"o-mnie","status":"publish","type":"page","link":"https:\/\/www.rr-home.pl\/index.php\/o-mnie\/","title":{"rendered":"RR Home &#8211; kim jestem?"},"content":{"rendered":"\n<p><strong>Nazywam si\u0119 Joanna Szymaniak i jestem projektantk\u0105 wn\u0119trz.<\/strong> Od zawsze fascynowa\u0142o mnie wszystko co pi\u0119kne i stylowe. \u015awiadcz\u0119 szeroki wachlarz us\u0142ug, zwi\u0105zanych z bran\u017c\u0105 nieruchomo\u015bci. To ona jest wsp\u00f3lnym mianownikiem dla wszystkich moich dzia\u0142a\u0144 w ramach <strong>RR Home<\/strong>. <\/p>\n\n\n\n<p>Lata temu, po przeczytaniu ksi\u0105\u017cki Roberta Kyiosaki\u2019ego \u201eBogaty ojciec biedny ojciec\u201d, moim marzeniem \u017cyciowym sta\u0142o si\u0119<strong> inwestowanie w nieruchomo\u015bci<\/strong>. Szczeg\u00f3lnie fascynuj\u0105 mnie <strong>stare kamienice<\/strong>, kt\u00f3rych urok doceniam i szczerze podziwiam.\u00a0Z kolei moja pasja do wn\u0119trz i architektury sprawi\u0142a, \u017ce <strong>uko\u0144czy\u0142am kurs aran\u017cacji i projektowania wn\u0119trz<\/strong>. Nie potrafi\u0119 przej\u015b\u0107 oboj\u0119tnie obok pi\u0119kna, widz\u0119 ogromny potencja\u0142 w starych, odrapanych murach, dawnych przedmiotach, meblach z minionych epok. Postanowi\u0142am tworzy\u0107 <strong>mieszkania z dusz\u0105 i klimatem<\/strong>. To wszystko sprawi\u0142o, \u017ce swoje \u017cycie zawodowe zwi\u0105za\u0142am z RR Home.<\/p>\n\n\n\n<h2>RR Home &#8211; projekty wn\u0119trz<\/h2>\n\n\n\n<p>Lubi\u0119 tworzy\u0107 <strong>wn\u0119trza oryginalne, szyte na miar\u0119<\/strong>, kt\u00f3re wymagaj\u0105 poszukiwa\u0144 (to\u017csamo\u015bci osoby zamawiaj\u0105cej projekt wn\u0119trza, jej stylu, cech charakteru, osobowo\u015bci, ciekawych rozwi\u0105za\u0144, unikatowych mebli czy przedmiot\u00f3w). <strong>Tak zaprojektowane wn\u0119trza daj\u0105 gwarancj\u0119 niepowtarzalnego, zaskakuj\u0105cego efektu. <\/strong>Stwarzaj\u0105 niezwyk\u0142e mo\u017cliwo\u015bci do zaprezentowania oryginalnej osobowo\u015bci Klienta, wyr\u00f3\u017cnienia si\u0119 i zaakcentowania jego charakteru. Warto skorzysta\u0107 z tej szansy i <strong>nie ba\u0107 si\u0119 poszukiwania i eksperymentowania we w\u0142asnej przestrzeni<\/strong>, poniewa\u017c ka\u017cdy styl jest jedyny i niepowtarzalny. Ka\u017cdy z nas go ma, ja swoj\u0105 prac\u0105 pomagam wydoby\u0107 z ka\u017cdego Klienta to, co w nim najlepsze i wyj\u0105tkowe.<\/p>\n","protected":false},"excerpt":{"rendered":"<p>Nazywam si\u0119 Joanna Szymaniak i jestem projektantk\u0105 wn\u0119trz. Od zawsze fascynowa\u0142o mnie wszystko co pi\u0119kne i stylowe. \u015awiadcz\u0119 szeroki wachlarz us\u0142ug, zwi\u0105zanych z bran\u017c\u0105 nieruchomo\u015bci. To ona jest wsp\u00f3lnym mianownikiem dla wszystkich moich dzia\u0142a\u0144 w ramach RR Home. Lata temu, po przeczytaniu ksi\u0105\u017cki Roberta Kyiosaki\u2019ego \u201eBogaty ojciec biedny ojciec\u201d, moim marzeniem \u017cyciowym sta\u0142o si\u0119 inwestowanie &hellip; <\/p>\n<p class=\"link-more\"><a href=\"https:\/\/www.rr-home.pl\/index.php\/o-mnie\/\" class=\"more-link\">Czytaj dalej<span class=\"screen-reader-text\"> \u201eRR Home &#8211; kim jestem?\u201d<\/span><\/a><\/p>\n","protected":false},"author":1,"featured_media":0,"parent":0,"menu_order":0,"comment_status":"closed","ping_status":"closed","template":"","meta":[],"yoast_head":"<!-- This site is optimized with the Yoast SEO plugin v15.9.1 - https:\/\/yoast.com\/wordpress\/plugins\/seo\/ -->\n<title>Harmonijnie zaprojektowane wn\u0119trza z dusz\u0105 &bull; RR Home<\/title>\n<meta name=\"description\" content=\"RR Home to wn\u0119trza szyte na miar\u0119 i zaprojektowane z dusz\u0105, a tak\u017ce unikatowe meble oraz ciekawe, designerskie dodatki. Warszawa | Lublin\" \/>\n<meta name=\"robots\" content=\"index, follow, max-snippet:-1, max-image-preview:large, max-video-preview:-1\" \/>\n<link rel=\"canonical\" href=\"https:\/\/www.rr-home.pl\/index.php\/o-mnie\/\" \/>\n<meta property=\"og:locale\" content=\"pl_PL\" \/>\n<meta property=\"og:type\" content=\"article\" \/>\n<meta property=\"og:title\" content=\"Harmonijnie zaprojektowane wn\u0119trza z dusz\u0105 &bull; RR Home\" \/>\n<meta property=\"og:description\" content=\"RR Home to wn\u0119trza szyte na miar\u0119 i zaprojektowane z dusz\u0105, a tak\u017ce unikatowe meble oraz ciekawe, designerskie dodatki. Warszawa | Lublin\" \/>\n<meta property=\"og:url\" content=\"https:\/\/www.rr-home.pl\/index.php\/o-mnie\/\" \/>\n<meta property=\"og:site_name\" content=\"RR Home\" \/>\n<meta property=\"article:modified_time\" content=\"2022-04-23T08:42:43+00:00\" \/>\n<meta name=\"twitter:card\" content=\"summary_large_image\" \/>\n<meta name=\"twitter:label1\" content=\"Est. reading time\">\n\t<meta name=\"twitter:data1\" content=\"1 minuta\">\n<script type=\"application\/ld+json\" class=\"yoast-schema-graph\">{\"@context\":\"https:\/\/schema.org\",\"@graph\":[{\"@type\":[\"Person\",\"Organization\"],\"@id\":\"https:\/\/www.rr-home.pl\/#\/schema\/person\/6aea7be60be2d99fe870da0d97e9050b\",\"name\":\"admin7588\",\"image\":{\"@type\":\"ImageObject\",\"@id\":\"https:\/\/www.rr-home.pl\/#personlogo\",\"inLanguage\":\"pl-PL\",\"url\":\"https:\/\/secure.gravatar.com\/avatar\/d57ef29397d62be16a113c038562a2e3?s=96&d=mm&r=g\",\"caption\":\"admin7588\"},\"logo\":{\"@id\":\"https:\/\/www.rr-home.pl\/#personlogo\"},\"sameAs\":[\"http:\/\/www.rr-home.pl\"]},{\"@type\":\"WebSite\",\"@id\":\"https:\/\/www.rr-home.pl\/#website\",\"url\":\"https:\/\/www.rr-home.pl\/\",\"name\":\"RR Home - Projektowanie wn\\u0119trz\",\"description\":\"Projekty Metamorfozy Aran\\u017cacje \",\"publisher\":{\"@id\":\"https:\/\/www.rr-home.pl\/#\/schema\/person\/6aea7be60be2d99fe870da0d97e9050b\"},\"potentialAction\":[{\"@type\":\"SearchAction\",\"target\":\"https:\/\/www.rr-home.pl\/?s={search_term_string}\",\"query-input\":\"required name=search_term_string\"}],\"inLanguage\":\"pl-PL\"},{\"@type\":\"WebPage\",\"@id\":\"https:\/\/www.rr-home.pl\/index.php\/o-mnie\/#webpage\",\"url\":\"https:\/\/www.rr-home.pl\/index.php\/o-mnie\/\",\"name\":\"Harmonijnie zaprojektowane wn\\u0119trza z dusz\\u0105 &bull; RR Home\",\"isPartOf\":{\"@id\":\"https:\/\/www.rr-home.pl\/#website\"},\"datePublished\":\"2021-03-04T22:33:02+00:00\",\"dateModified\":\"2022-04-23T08:42:43+00:00\",\"description\":\"RR Home to wn\\u0119trza szyte na miar\\u0119 i zaprojektowane z dusz\\u0105, a tak\\u017ce unikatowe meble oraz ciekawe, designerskie dodatki. Warszawa | Lublin\",\"breadcrumb\":{\"@id\":\"https:\/\/www.rr-home.pl\/index.php\/o-mnie\/#breadcrumb\"},\"inLanguage\":\"pl-PL\",\"potentialAction\":[{\"@type\":\"ReadAction\",\"target\":[\"https:\/\/www.rr-home.pl\/index.php\/o-mnie\/\"]}]},{\"@type\":\"BreadcrumbList\",\"@id\":\"https:\/\/www.rr-home.pl\/index.php\/o-mnie\/#breadcrumb\",\"itemListElement\":[{\"@type\":\"ListItem\",\"position\":1,\"item\":{\"@type\":\"WebPage\",\"@id\":\"https:\/\/www.rr-home.pl\/\",\"url\":\"https:\/\/www.rr-home.pl\/\",\"name\":\"Strona g\\u0142\\u00f3wna\"}},{\"@type\":\"ListItem\",\"position\":2,\"item\":{\"@type\":\"WebPage\",\"@id\":\"https:\/\/www.rr-home.pl\/index.php\/o-mnie\/\",\"url\":\"https:\/\/www.rr-home.pl\/index.php\/o-mnie\/\",\"name\":\"RR Home &#8211; kim jestem?\"}}]}]}<\/script>\n<!-- \/ Yoast SEO plugin. -->","_links":{"self":[{"href":"https:\/\/www.rr-home.pl\/index.php\/wp-json\/wp\/v2\/pages\/23"}],"collection":[{"href":"https:\/\/www.rr-home.pl\/index.php\/wp-json\/wp\/v2\/pages"}],"about":[{"href":"https:\/\/www.rr-home.pl\/index.php\/wp-json\/wp\/v2\/types\/page"}],"author":[{"embeddable":true,"href":"https:\/\/www.rr-home.pl\/index.php\/wp-json\/wp\/v2\/users\/1"}],"replies":[{"embeddable":true,"href":"https:\/\/www.rr-home.pl\/index.php\/wp-json\/wp\/v2\/comments?post=23"}],"version-history":[{"count":15,"href":"https:\/\/www.rr-home.pl\/index.php\/wp-json\/wp\/v2\/pages\/23\/revisions"}],"predecessor-version":[{"id":188,"href":"https:\/\/www.rr-home.pl\/index.php\/wp-json\/wp\/v2\/pages\/23\/revisions\/188"}],"wp:attachment":[{"href":"https:\/\/www.rr-home.pl\/index.php\/wp-json\/wp\/v2\/media?parent=23"}],"curies":[{"name":"wp","href":"https:\/\/api.w.org\/{rel}","templated":true}]}}