{"id":13,"date":"2021-03-04T22:33:02","date_gmt":"2021-03-04T22:33:02","guid":{"rendered":"http:\/\/www.rr-home.pl\/?page_id=13"},"modified":"2022-04-23T08:43:52","modified_gmt":"2022-04-23T08:43:52","slug":"projektowanie-wnetrz-warszawa-lublin","status":"publish","type":"page","link":"https:\/\/www.rr-home.pl\/index.php\/projektowanie-wnetrz-warszawa-lublin\/","title":{"rendered":"Kontakt"},"content":{"rendered":"\n<div class=\"wp-block-columns alignfull\">\n<div class=\"wp-block-column\">\n<blockquote class=\"wp-block-quote has-text-align-center\"><p><\/p><p><strong>Je\u015bli zainteresowa\u0142a Ci\u0119 oferta RR Home, zapraszam do wsp\u00f3\u0142pracy!<br><\/strong><br><strong>Skontaktuj si\u0119 ze mn\u0105. Jestem pewna, \u017ce rozwiej\u0119 wszelkie Twoje w\u0105tpliwo\u015bci. <\/strong><\/p><p><strong><br>RR Home &#8211; Joanna Szymaniak<\/strong><br><em>joanna@rr-home.pl<\/em><br>503 48 88 98<strong><br><\/strong><\/p><\/blockquote>\n<\/div>\n<\/div>\n\n\n\n<p><\/p>\n","protected":false},"excerpt":{"rendered":"<p>Je\u015bli zainteresowa\u0142a Ci\u0119 oferta RR Home, zapraszam do wsp\u00f3\u0142pracy!Skontaktuj si\u0119 ze mn\u0105. Jestem pewna, \u017ce rozwiej\u0119 wszelkie Twoje w\u0105tpliwo\u015bci. RR Home &#8211; Joanna Szymaniakjoanna@rr-home.pl503 48 88 98<\/p>\n","protected":false},"author":1,"featured_media":5,"parent":0,"menu_order":0,"comment_status":"closed","ping_status":"closed","template":"","meta":[],"yoast_head":"<!-- This site is optimized with the Yoast SEO plugin v15.9.1 - https:\/\/yoast.com\/wordpress\/plugins\/seo\/ -->\n<title>Projektowanie wn\u0119trz | Warszawa | Lublin &bull; RR Home<\/title>\n<meta name=\"description\" content=\"Zapoznaj si\u0119 z ofert\u0105 RR Home i skontaktuj si\u0119 z biurem projektowym. Aran\u017cacja i projektowanie wn\u0119trz | Warszawa | Lublin.\" \/>\n<meta name=\"robots\" content=\"index, follow, max-snippet:-1, max-image-preview:large, max-video-preview:-1\" \/>\n<link rel=\"canonical\" href=\"http:\/\/www.rr-home.pl\/index.php\/projektowanie-wnetrz-warszawa-lublin\/\" \/>\n<meta property=\"og:locale\" content=\"pl_PL\" \/>\n<meta property=\"og:type\" content=\"article\" \/>\n<meta property=\"og:title\" content=\"Projektowanie wn\u0119trz | Warszawa | Lublin &bull; RR Home\" \/>\n<meta property=\"og:description\" content=\"Zapoznaj si\u0119 z ofert\u0105 RR Home i skontaktuj si\u0119 z biurem projektowym. Aran\u017cacja i projektowanie wn\u0119trz | Warszawa | Lublin.\" \/>\n<meta property=\"og:url\" content=\"http:\/\/www.rr-home.pl\/index.php\/projektowanie-wnetrz-warszawa-lublin\/\" \/>\n<meta property=\"og:site_name\" content=\"RR Home\" \/>\n<meta property=\"article:modified_time\" content=\"2022-04-23T08:43:52+00:00\" \/>\n<meta property=\"og:image\" content=\"https:\/\/www.rr-home.pl\/wp-content\/uploads\/2021\/03\/contact.jpg\" \/>\n\t<meta property=\"og:image:width\" content=\"1024\" \/>\n\t<meta property=\"og:image:height\" content=\"683\" \/>\n<meta name=\"twitter:card\" content=\"summary_large_image\" \/>\n<meta name=\"twitter:label1\" content=\"Est. reading time\">\n\t<meta name=\"twitter:data1\" content=\"1 minuta\">\n<script type=\"application\/ld+json\" class=\"yoast-schema-graph\">{\"@context\":\"https:\/\/schema.org\",\"@graph\":[{\"@type\":[\"Person\",\"Organization\"],\"@id\":\"https:\/\/www.rr-home.pl\/#\/schema\/person\/6aea7be60be2d99fe870da0d97e9050b\",\"name\":\"admin7588\",\"image\":{\"@type\":\"ImageObject\",\"@id\":\"https:\/\/www.rr-home.pl\/#personlogo\",\"inLanguage\":\"pl-PL\",\"url\":\"https:\/\/secure.gravatar.com\/avatar\/d57ef29397d62be16a113c038562a2e3?s=96&d=mm&r=g\",\"caption\":\"admin7588\"},\"logo\":{\"@id\":\"https:\/\/www.rr-home.pl\/#personlogo\"},\"sameAs\":[\"http:\/\/www.rr-home.pl\"]},{\"@type\":\"WebSite\",\"@id\":\"https:\/\/www.rr-home.pl\/#website\",\"url\":\"https:\/\/www.rr-home.pl\/\",\"name\":\"RR Home - Projektowanie wn\\u0119trz\",\"description\":\"Projekty Metamorfozy Aran\\u017cacje \",\"publisher\":{\"@id\":\"https:\/\/www.rr-home.pl\/#\/schema\/person\/6aea7be60be2d99fe870da0d97e9050b\"},\"potentialAction\":[{\"@type\":\"SearchAction\",\"target\":\"https:\/\/www.rr-home.pl\/?s={search_term_string}\",\"query-input\":\"required name=search_term_string\"}],\"inLanguage\":\"pl-PL\"},{\"@type\":\"ImageObject\",\"@id\":\"http:\/\/www.rr-home.pl\/index.php\/projektowanie-wnetrz-warszawa-lublin\/#primaryimage\",\"inLanguage\":\"pl-PL\",\"url\":\"https:\/\/www.rr-home.pl\/wp-content\/uploads\/2021\/03\/contact.jpg\",\"width\":1024,\"height\":683},{\"@type\":\"WebPage\",\"@id\":\"http:\/\/www.rr-home.pl\/index.php\/projektowanie-wnetrz-warszawa-lublin\/#webpage\",\"url\":\"http:\/\/www.rr-home.pl\/index.php\/projektowanie-wnetrz-warszawa-lublin\/\",\"name\":\"Projektowanie wn\\u0119trz | Warszawa | Lublin &bull; RR Home\",\"isPartOf\":{\"@id\":\"https:\/\/www.rr-home.pl\/#website\"},\"primaryImageOfPage\":{\"@id\":\"http:\/\/www.rr-home.pl\/index.php\/projektowanie-wnetrz-warszawa-lublin\/#primaryimage\"},\"datePublished\":\"2021-03-04T22:33:02+00:00\",\"dateModified\":\"2022-04-23T08:43:52+00:00\",\"description\":\"Zapoznaj si\\u0119 z ofert\\u0105 RR Home i skontaktuj si\\u0119 z biurem projektowym. Aran\\u017cacja i projektowanie wn\\u0119trz | Warszawa | Lublin.\",\"breadcrumb\":{\"@id\":\"http:\/\/www.rr-home.pl\/index.php\/projektowanie-wnetrz-warszawa-lublin\/#breadcrumb\"},\"inLanguage\":\"pl-PL\",\"potentialAction\":[{\"@type\":\"ReadAction\",\"target\":[\"http:\/\/www.rr-home.pl\/index.php\/projektowanie-wnetrz-warszawa-lublin\/\"]}]},{\"@type\":\"BreadcrumbList\",\"@id\":\"http:\/\/www.rr-home.pl\/index.php\/projektowanie-wnetrz-warszawa-lublin\/#breadcrumb\",\"itemListElement\":[{\"@type\":\"ListItem\",\"position\":1,\"item\":{\"@type\":\"WebPage\",\"@id\":\"https:\/\/www.rr-home.pl\/\",\"url\":\"https:\/\/www.rr-home.pl\/\",\"name\":\"Strona g\\u0142\\u00f3wna\"}},{\"@type\":\"ListItem\",\"position\":2,\"item\":{\"@type\":\"WebPage\",\"@id\":\"http:\/\/www.rr-home.pl\/index.php\/projektowanie-wnetrz-warszawa-lublin\/\",\"url\":\"http:\/\/www.rr-home.pl\/index.php\/projektowanie-wnetrz-warszawa-lublin\/\",\"name\":\"Kontakt\"}}]}]}<\/script>\n<!-- \/ Yoast SEO plugin. -->","_links":{"self":[{"href":"https:\/\/www.rr-home.pl\/index.php\/wp-json\/wp\/v2\/pages\/13"}],"collection":[{"href":"https:\/\/www.rr-home.pl\/index.php\/wp-json\/wp\/v2\/pages"}],"about":[{"href":"https:\/\/www.rr-home.pl\/index.php\/wp-json\/wp\/v2\/types\/page"}],"author":[{"embeddable":true,"href":"https:\/\/www.rr-home.pl\/index.php\/wp-json\/wp\/v2\/users\/1"}],"replies":[{"embeddable":true,"href":"https:\/\/www.rr-home.pl\/index.php\/wp-json\/wp\/v2\/comments?post=13"}],"version-history":[{"count":9,"href":"https:\/\/www.rr-home.pl\/index.php\/wp-json\/wp\/v2\/pages\/13\/revisions"}],"predecessor-version":[{"id":189,"href":"https:\/\/www.rr-home.pl\/index.php\/wp-json\/wp\/v2\/pages\/13\/revisions\/189"}],"wp:featuredmedia":[{"embeddable":true,"href":"https:\/\/www.rr-home.pl\/index.php\/wp-json\/wp\/v2\/media\/5"}],"wp:attachment":[{"href":"https:\/\/www.rr-home.pl\/index.php\/wp-json\/wp\/v2\/media?parent=13"}],"curies":[{"name":"wp","href":"https:\/\/api.w.org\/{rel}","templated":true}]}}