{"id":12,"date":"2021-03-04T22:33:02","date_gmt":"2021-03-04T22:33:02","guid":{"rendered":"http:\/\/www.rr-home.pl\/?page_id=12"},"modified":"2022-04-23T08:22:01","modified_gmt":"2022-04-23T08:22:01","slug":"home","status":"publish","type":"page","link":"https:\/\/www.rr-home.pl\/","title":{"rendered":"Home"},"content":{"rendered":"\n<div class=\"wp-block-cover alignfull has-white-background-color has-background-dim hestia-clear-top-padding\"><div class=\"wp-block-cover__inner-container\">\n<h2 class=\"has-text-align-center has-text-color\" style=\"color:#3c4858\">Co oferuj\u0119<\/h2>\n\n\n\n<div style=\"height:40px\" aria-hidden=\"true\" class=\"wp-block-spacer\"><\/div>\n\n\n\n<div class=\"wp-block-columns container\">\n<div class=\"wp-block-column\">\n<div class=\"wp-block-image is-style-rounded\"><figure class=\"aligncenter size-large\"><img src=\"http:\/\/www.rr-home.pl\/wp-content\/themes\/hestia\/assets\/img\/feat1.png\" alt=\"\" class=\"wp-image-70\"\/><\/figure><\/div>\n\n\n\n<h5 class=\"has-text-align-center has-text-color\" style=\"font-size:18px;color:#3c4858\">Projekt Funkcjonalny<\/h5>\n\n\n\n<p class=\"has-text-align-center has-text-color\" style=\"font-size:14px;color:#999999\">Taki projekt jest&nbsp;<strong>idealny dla os\u00f3b, kt\u00f3re chc\u0105 przedstawi\u0107 projekt zmian lokatorskich swojemu deweloperowi<\/strong>.&nbsp;<\/p>\n\n\n\n<div style=\"height:25px\" aria-hidden=\"true\" class=\"wp-block-spacer\"><\/div>\n<\/div>\n\n\n\n<div class=\"wp-block-column\">\n<div class=\"wp-block-image is-style-rounded\"><figure class=\"aligncenter size-large\"><img src=\"http:\/\/www.rr-home.pl\/wp-content\/themes\/hestia\/assets\/img\/feat2.png\" alt=\"\" class=\"wp-image-71\"\/><\/figure><\/div>\n\n\n\n<h5 class=\"has-text-align-center has-text-color\" style=\"font-size:18px;color:#3c4858\">projekt koncepcyjny<\/h5>\n\n\n\n<p class=\"has-text-align-center has-text-color\" style=\"font-size:14px;color:#999999\">Taki projekt jest&nbsp;<strong>idealny dla os\u00f3b, kt\u00f3re chc\u0105 otrzyma\u0107 kompletny projekt wn\u0119trz zraz w ich wizualizacjami, jednak nie potrzebuj\u0105 szczeg\u00f3\u0142owych projekt\u00f3w dla wykonawc\u00f3w.<\/strong><\/p>\n\n\n\n<div style=\"height:25px\" aria-hidden=\"true\" class=\"wp-block-spacer\"><\/div>\n<\/div>\n\n\n\n<div class=\"wp-block-column\">\n<div class=\"wp-block-image is-style-rounded\"><figure class=\"aligncenter size-large\"><img src=\"http:\/\/www.rr-home.pl\/wp-content\/themes\/hestia\/assets\/img\/feat3.png\" alt=\"\" class=\"wp-image-72\"\/><\/figure><\/div>\n\n\n\n<h5 class=\"has-text-align-center has-text-color\" style=\"font-size:18px;color:#3c4858\">Projekt<br> komfortowy<\/h5>\n\n\n\n<p class=\"has-text-align-center has-text-color\" style=\"font-size:14px;color:#999999\">Taki projekt jest&nbsp;<strong>idealny dla os\u00f3b, kt\u00f3re potrzebuj\u0105 kompletnych projekt\u00f3w dla wykonawc\u00f3w, wizualizacji swoich wn\u0119trz oraz szczeg\u00f3\u0142owego zestawienia materia\u0142\u00f3w wraz z kodami wybranych produkt\u00f3w i ich potrzebnymi ilo\u015bciami.<\/strong><\/p>\n\n\n\n<div style=\"height:25px\" aria-hidden=\"true\" class=\"wp-block-spacer\"><\/div>\n<\/div>\n<\/div>\n\n\n\n<div style=\"height:40px\" aria-hidden=\"true\" class=\"wp-block-spacer\"><\/div>\n<\/div><\/div>\n\n\n\n<div class=\"wp-block-columns container\">\n<div class=\"wp-block-column col-md-5\">\n<div style=\"height:55px\" aria-hidden=\"true\" class=\"wp-block-spacer\"><\/div>\n\n\n\n<p><strong>Nazywam si\u0119 Joanna Szymaniak i jestem projektantk\u0105 wn\u0119trz.<\/strong>&nbsp;<\/p>\n\n\n\n<p>Od zawsze fascynowa\u0142o mnie wszystko co pi\u0119kne i stylowe. <\/p>\n\n\n\n<p>\u015awiadcz\u0119 szeroki wachlarz us\u0142ug, zwi\u0105zanych z bran\u017c\u0105 nieruchomo\u015bci. <\/p>\n\n\n\n<p>To ona jest wsp\u00f3lnym mianownikiem dla wszystkich moich dzia\u0142a\u0144 w ramach<br><strong>RR Home<\/strong>.<\/p>\n<\/div>\n\n\n\n<div class=\"wp-block-column col-md-6 col-md-offset1\">\n<div style=\"height:55px\" aria-hidden=\"true\" class=\"wp-block-spacer\"><\/div>\n\n\n\n<p><\/p>\n<\/div>\n<\/div>\n","protected":false},"excerpt":{"rendered":"<p>Nazywam si\u0119 Joanna Szymaniak i jestem projektantk\u0105 wn\u0119trz.&nbsp; Od zawsze fascynowa\u0142o mnie wszystko co pi\u0119kne i stylowe. \u015awiadcz\u0119 szeroki wachlarz us\u0142ug, zwi\u0105zanych z bran\u017c\u0105 nieruchomo\u015bci. To ona jest wsp\u00f3lnym mianownikiem dla wszystkich moich dzia\u0142a\u0144 w ramachRR Home.<\/p>\n","protected":false},"author":1,"featured_media":0,"parent":0,"menu_order":0,"comment_status":"closed","ping_status":"closed","template":"","meta":[],"yoast_head":"<!-- This site is optimized with the Yoast SEO plugin v15.9.1 - https:\/\/yoast.com\/wordpress\/plugins\/seo\/ -->\n<title>Home &bull; RR Home<\/title>\n<meta name=\"robots\" content=\"index, follow, max-snippet:-1, max-image-preview:large, max-video-preview:-1\" \/>\n<link rel=\"canonical\" href=\"https:\/\/www.rr-home.pl\/\" \/>\n<meta property=\"og:locale\" content=\"pl_PL\" \/>\n<meta property=\"og:type\" content=\"article\" \/>\n<meta property=\"og:title\" content=\"Home &bull; RR Home\" \/>\n<meta property=\"og:description\" content=\"Nazywam si\u0119 Joanna Szymaniak i jestem projektantk\u0105 wn\u0119trz.&nbsp; Od zawsze fascynowa\u0142o mnie wszystko co pi\u0119kne i stylowe. \u015awiadcz\u0119 szeroki wachlarz us\u0142ug, zwi\u0105zanych z bran\u017c\u0105 nieruchomo\u015bci. To ona jest wsp\u00f3lnym mianownikiem dla wszystkich moich dzia\u0142a\u0144 w ramachRR Home.\" \/>\n<meta property=\"og:url\" content=\"https:\/\/www.rr-home.pl\/\" \/>\n<meta property=\"og:site_name\" content=\"RR Home\" \/>\n<meta property=\"article:modified_time\" content=\"2022-04-23T08:22:01+00:00\" \/>\n<meta property=\"og:image\" content=\"http:\/\/www.rr-home.pl\/wp-content\/themes\/hestia\/assets\/img\/feat1.png\" \/>\n<meta name=\"twitter:card\" content=\"summary_large_image\" \/>\n<meta name=\"twitter:label1\" content=\"Est. reading time\">\n\t<meta name=\"twitter:data1\" content=\"2 minuty\">\n<script type=\"application\/ld+json\" class=\"yoast-schema-graph\">{\"@context\":\"https:\/\/schema.org\",\"@graph\":[{\"@type\":[\"Person\",\"Organization\"],\"@id\":\"https:\/\/www.rr-home.pl\/#\/schema\/person\/6aea7be60be2d99fe870da0d97e9050b\",\"name\":\"admin7588\",\"image\":{\"@type\":\"ImageObject\",\"@id\":\"https:\/\/www.rr-home.pl\/#personlogo\",\"inLanguage\":\"pl-PL\",\"url\":\"https:\/\/secure.gravatar.com\/avatar\/d57ef29397d62be16a113c038562a2e3?s=96&d=mm&r=g\",\"caption\":\"admin7588\"},\"logo\":{\"@id\":\"https:\/\/www.rr-home.pl\/#personlogo\"},\"sameAs\":[\"http:\/\/www.rr-home.pl\"]},{\"@type\":\"WebSite\",\"@id\":\"https:\/\/www.rr-home.pl\/#website\",\"url\":\"https:\/\/www.rr-home.pl\/\",\"name\":\"RR Home - Projektowanie wn\\u0119trz\",\"description\":\"Projekty Metamorfozy Aran\\u017cacje \",\"publisher\":{\"@id\":\"https:\/\/www.rr-home.pl\/#\/schema\/person\/6aea7be60be2d99fe870da0d97e9050b\"},\"potentialAction\":[{\"@type\":\"SearchAction\",\"target\":\"https:\/\/www.rr-home.pl\/?s={search_term_string}\",\"query-input\":\"required name=search_term_string\"}],\"inLanguage\":\"pl-PL\"},{\"@type\":\"ImageObject\",\"@id\":\"https:\/\/www.rr-home.pl\/#primaryimage\",\"inLanguage\":\"pl-PL\",\"url\":\"http:\/\/www.rr-home.pl\/wp-content\/themes\/hestia\/assets\/img\/feat1.png\"},{\"@type\":\"WebPage\",\"@id\":\"https:\/\/www.rr-home.pl\/#webpage\",\"url\":\"https:\/\/www.rr-home.pl\/\",\"name\":\"Home &bull; RR Home\",\"isPartOf\":{\"@id\":\"https:\/\/www.rr-home.pl\/#website\"},\"primaryImageOfPage\":{\"@id\":\"https:\/\/www.rr-home.pl\/#primaryimage\"},\"datePublished\":\"2021-03-04T22:33:02+00:00\",\"dateModified\":\"2022-04-23T08:22:01+00:00\",\"breadcrumb\":{\"@id\":\"https:\/\/www.rr-home.pl\/#breadcrumb\"},\"inLanguage\":\"pl-PL\",\"potentialAction\":[{\"@type\":\"ReadAction\",\"target\":[\"https:\/\/www.rr-home.pl\/\"]}]},{\"@type\":\"BreadcrumbList\",\"@id\":\"https:\/\/www.rr-home.pl\/#breadcrumb\",\"itemListElement\":[{\"@type\":\"ListItem\",\"position\":1,\"item\":{\"@type\":\"WebPage\",\"@id\":\"https:\/\/www.rr-home.pl\/\",\"url\":\"https:\/\/www.rr-home.pl\/\",\"name\":\"Strona g\\u0142\\u00f3wna\"}},{\"@type\":\"ListItem\",\"position\":2,\"item\":{\"@type\":\"WebPage\",\"@id\":\"https:\/\/www.rr-home.pl\/\",\"url\":\"https:\/\/www.rr-home.pl\/\",\"name\":\"Home\"}}]}]}<\/script>\n<!-- \/ Yoast SEO plugin. -->","_links":{"self":[{"href":"https:\/\/www.rr-home.pl\/index.php\/wp-json\/wp\/v2\/pages\/12"}],"collection":[{"href":"https:\/\/www.rr-home.pl\/index.php\/wp-json\/wp\/v2\/pages"}],"about":[{"href":"https:\/\/www.rr-home.pl\/index.php\/wp-json\/wp\/v2\/types\/page"}],"author":[{"embeddable":true,"href":"https:\/\/www.rr-home.pl\/index.php\/wp-json\/wp\/v2\/users\/1"}],"replies":[{"embeddable":true,"href":"https:\/\/www.rr-home.pl\/index.php\/wp-json\/wp\/v2\/comments?post=12"}],"version-history":[{"count":9,"href":"https:\/\/www.rr-home.pl\/index.php\/wp-json\/wp\/v2\/pages\/12\/revisions"}],"predecessor-version":[{"id":176,"href":"https:\/\/www.rr-home.pl\/index.php\/wp-json\/wp\/v2\/pages\/12\/revisions\/176"}],"wp:attachment":[{"href":"https:\/\/www.rr-home.pl\/index.php\/wp-json\/wp\/v2\/media?parent=12"}],"curies":[{"name":"wp","href":"https:\/\/api.w.org\/{rel}","templated":true}]}}